{"id":1220,"date":"2019-07-13T22:50:02","date_gmt":"2019-07-13T20:50:02","guid":{"rendered":"http:\/\/braugold.future-werbung.de\/?page_id=1220"},"modified":"2019-07-13T23:10:42","modified_gmt":"2019-07-13T21:10:42","slug":"geschichte-der-braugold-brauerei","status":"publish","type":"page","link":"https:\/\/www.braugold.de\/english\/geschichte-der-braugold-brauerei\/","title":{"rendered":"Geschichte der Braugold Brauerei"},"content":{"rendered":"<p>Die Braukunst in Th\u00fcringen hat ihre Wurzeln in mehreren Brauereien des 19. Jahrhunderts. Es schlossen sich im 19. Jahrhundert zwei Brauereien zusammen, welche sich fr\u00fcher Biereigenh\u00f6fe nannten, die am Stadtzentrum an der Stra\u00dfe \u201eGro\u00dfe Arche\u201c gekauft wurden. Die gekauften B\u00fcrgerh\u00e4user besa\u00dfen damals landwirtschaftliches Braurecht. Die damit entstandenen Brauereien wurden sp\u00e4ter durch eine Familie Baumann gekauft und wechselten ihren Eigent\u00fcmer an die Brauerei Schedel.<\/p>\n<p>1823 kaufte ein Christian B\u00fcchner die Braust\u00e4tte zur Lauenburg. Er zog 65 Jahre sp\u00e4ter 1888 an den neuen Standort L\u00f6bervorstadt in der N\u00e4he des Erfurter Stadtparks. Im Jahre 1920 vereinigten sich die Brauerei B\u00fcchner AG und die Brauerei Baumann. 1921 schloss sich die Leipziger Riebeck Brauerei AG an. Durch diesen Zusammenschlu\u00df der drei Brauereien entstand die Gro\u00dfbrauerei, die 100.000 Hektoliter Bier produzierte.<\/p>\n<p>Mit Ende des 2. Weltkrieges ging die Brauerei in das Volkseigentum der DDR \u00fcber. Das Markenzeichen \u201eBraugold\u201c wurde 1956 ins Leben gerufen und damit erhielt die Brauerei ihren Namen. Im Jahre 1969 \u2013 13 Jahre sp\u00e4ter \u2013 schloss man die Braugold Brauerei mit 8 weiteren Brauereien zusammen zum VEB Getr\u00e4nkekombinat Erfurt. Dabei wurde die Braugold Brauerei zum Stammbetrieb und Sitz des Kombinates.<\/p>\n<p>1990 wurde die Brauerei Braugold von der Licher Privatbrauerei \u00fcbernommen. 1996 erfolgte bei der Reprivatisierung die \u00dcbernahme des ehemaligen Eigent\u00fcmers, der Riebeck Gruppe. Zu diesem Zeitpunkt geh\u00f6rten die Brauerei in Eisenach sowie die Wernesgr\u00fcner Brauerei zur Riebeck Gruppe.<\/p>\n<p>2007 \u00fcbernahm die Getr\u00e4nkegruppe Waldhoff die Braugold Brauerei.<\/p>\n<p>Im Herbst 2010 wurde die Produktion bis auf die Herstellung der Grundw\u00fcrze eingestellt. Die Produktion der Marke Braugold wurde in eine Brauerei in Braunschweig ausgelagert.<\/p>\n<p>Der ehemalige Standort der Brauerei Braugold ist mit dem Jahr 2014 zur Bebauung mit Wohnungen verkauft worden.<\/p>","protected":false},"excerpt":{"rendered":"<p>Die Braukunst in Th\u00fcringen hat ihre Wurzeln in mehreren Brauereien des 19. Jahrhunderts. Es schlossen sich im 19. Jahrhundert zwei Brauereien zusammen, welche sich fr\u00fcher Biereigenh\u00f6fe nannten, die am Stadtzentrum &#8230;<\/p>","protected":false},"author":1,"featured_media":0,"parent":0,"menu_order":0,"comment_status":"closed","ping_status":"closed","template":"","meta":[],"yoast_head":"<!-- This site is optimized with the Yoast SEO plugin v15.2.1 - https:\/\/yoast.com\/wordpress\/plugins\/seo\/ -->\n<title>Geschichte der Braugold Brauerei - Braugold<\/title>\n<meta name=\"robots\" content=\"index, follow, max-snippet:-1, max-image-preview:large, max-video-preview:-1\" \/>\n<link rel=\"canonical\" href=\"https:\/\/www.braugold.de\/english\/geschichte-der-braugold-brauerei\/\" \/>\n<meta property=\"og:locale\" content=\"en_GB\" \/>\n<meta property=\"og:type\" content=\"article\" \/>\n<meta property=\"og:title\" content=\"Geschichte der Braugold Brauerei - Braugold\" \/>\n<meta property=\"og:description\" content=\"Die Braukunst in Th\u00fcringen hat ihre Wurzeln in mehreren Brauereien des 19. Jahrhunderts. Es schlossen sich im 19. Jahrhundert zwei Brauereien zusammen, welche sich fr\u00fcher Biereigenh\u00f6fe nannten, die am Stadtzentrum ...\" \/>\n<meta property=\"og:url\" content=\"https:\/\/www.braugold.de\/english\/geschichte-der-braugold-brauerei\/\" \/>\n<meta property=\"og:site_name\" content=\"Braugold\" \/>\n<meta property=\"article:modified_time\" content=\"2019-07-13T21:10:42+00:00\" \/>\n<meta name=\"twitter:card\" content=\"summary_large_image\" \/>\n<meta name=\"twitter:label1\" content=\"Written by\">\n\t<meta name=\"twitter:data1\" content=\"sysadmin\">\n\t<meta name=\"twitter:label2\" content=\"Estimated reading time\">\n\t<meta name=\"twitter:data2\" content=\"1 minute\">\n<script type=\"application\/ld+json\" class=\"yoast-schema-graph\">{\"@context\":\"https:\/\/schema.org\",\"@graph\":[{\"@type\":\"WebSite\",\"@id\":\"https:\/\/www.braugold.de\/#website\",\"url\":\"https:\/\/www.braugold.de\/\",\"name\":\"Braugold\",\"description\":\"\",\"potentialAction\":[{\"@type\":\"SearchAction\",\"target\":\"https:\/\/www.braugold.de\/?s={search_term_string}\",\"query-input\":\"required name=search_term_string\"}],\"inLanguage\":\"en-GB\"},{\"@type\":\"WebPage\",\"@id\":\"https:\/\/www.braugold.de\/geschichte-der-braugold-brauerei\/#webpage\",\"url\":\"https:\/\/www.braugold.de\/geschichte-der-braugold-brauerei\/\",\"name\":\"Geschichte der Braugold Brauerei - Braugold\",\"isPartOf\":{\"@id\":\"https:\/\/www.braugold.de\/#website\"},\"datePublished\":\"2019-07-13T20:50:02+00:00\",\"dateModified\":\"2019-07-13T21:10:42+00:00\",\"inLanguage\":\"en-GB\",\"potentialAction\":[{\"@type\":\"ReadAction\",\"target\":[\"https:\/\/www.braugold.de\/geschichte-der-braugold-brauerei\/\"]}]}]}<\/script>\n<!-- \/ Yoast SEO plugin. -->","_links":{"self":[{"href":"https:\/\/www.braugold.de\/english\/wp-json\/wp\/v2\/pages\/1220"}],"collection":[{"href":"https:\/\/www.braugold.de\/english\/wp-json\/wp\/v2\/pages"}],"about":[{"href":"https:\/\/www.braugold.de\/english\/wp-json\/wp\/v2\/types\/page"}],"author":[{"embeddable":true,"href":"https:\/\/www.braugold.de\/english\/wp-json\/wp\/v2\/users\/1"}],"replies":[{"embeddable":true,"href":"https:\/\/www.braugold.de\/english\/wp-json\/wp\/v2\/comments?post=1220"}],"version-history":[{"count":1,"href":"https:\/\/www.braugold.de\/english\/wp-json\/wp\/v2\/pages\/1220\/revisions"}],"predecessor-version":[{"id":1221,"href":"https:\/\/www.braugold.de\/english\/wp-json\/wp\/v2\/pages\/1220\/revisions\/1221"}],"wp:attachment":[{"href":"https:\/\/www.braugold.de\/english\/wp-json\/wp\/v2\/media?parent=1220"}],"curies":[{"name":"wp","href":"https:\/\/api.w.org\/{rel}","templated":true}]}}